{"id":47,"date":"2024-09-09T10:19:45","date_gmt":"2024-09-09T08:19:45","guid":{"rendered":"https:\/\/tomaszkowaliszyn.kasiakaniuka.pl\/?page_id=47"},"modified":"2024-11-08T08:27:50","modified_gmt":"2024-11-08T07:27:50","slug":"realizacje","status":"publish","type":"page","link":"https:\/\/tomaszkowaliszyn.pl\/?page_id=47","title":{"rendered":"Realizacje"},"content":{"rendered":"\n<div class=\"wp-block-cover alignfull\" style=\"min-height:180px;aspect-ratio:unset;\"><span aria-hidden=\"true\" class=\"wp-block-cover__background has-nv-site-bg-background-color has-background-dim-100 has-background-dim\"><\/span><div class=\"wp-block-cover__inner-container is-layout-flow wp-block-cover-is-layout-flow\">\n<div class=\"wp-block-group\" style=\"padding-right:var(--wp--preset--spacing--30);padding-left:var(--wp--preset--spacing--30)\"><div class=\"wp-block-group__inner-container is-layout-flow wp-block-group-is-layout-flow\">\n<h1 class=\"wp-block-heading has-text-align-left has-neve-text-color-color has-text-color\">Nasze realizacje<\/h1>\n<\/div><\/div>\n<\/div><\/div>\n\n\n\n<div class=\"wp-block-cover alignfull\" style=\"min-height:806px;aspect-ratio:unset;\"><span aria-hidden=\"true\" class=\"wp-block-cover__background has-nv-site-bg-background-color has-background-dim-100 has-background-dim\"><\/span><div class=\"wp-block-cover__inner-container is-layout-flow wp-block-cover-is-layout-flow\">\n<div class=\"wp-block-group\"><div class=\"wp-block-group__inner-container is-layout-flow wp-block-group-is-layout-flow\">\n<div class=\"wp-block-columns is-layout-flex wp-container-core-columns-is-layout-9d6595d7 wp-block-columns-is-layout-flex\">\n<div class=\"wp-block-column is-vertically-aligned-top is-layout-flow wp-block-column-is-layout-flow\" style=\"padding-right:var(--wp--preset--spacing--30);padding-left:var(--wp--preset--spacing--30);flex-basis:50%\">\n<figure class=\"wp-block-image size-full has-custom-border\"><img loading=\"lazy\" decoding=\"async\" width=\"1080\" height=\"1080\" src=\"https:\/\/tomaszkowaliszyn.pl\/wp-content\/uploads\/2024\/11\/willa-miejska-krzycka.webp\" alt=\"\" class=\"wp-image-241\" style=\"border-radius:24px\" srcset=\"https:\/\/tomaszkowaliszyn.pl\/wp-content\/uploads\/2024\/11\/willa-miejska-krzycka.webp 1080w, https:\/\/tomaszkowaliszyn.pl\/wp-content\/uploads\/2024\/11\/willa-miejska-krzycka-300x300.webp 300w, https:\/\/tomaszkowaliszyn.pl\/wp-content\/uploads\/2024\/11\/willa-miejska-krzycka-1024x1024.webp 1024w, https:\/\/tomaszkowaliszyn.pl\/wp-content\/uploads\/2024\/11\/willa-miejska-krzycka-150x150.webp 150w, https:\/\/tomaszkowaliszyn.pl\/wp-content\/uploads\/2024\/11\/willa-miejska-krzycka-768x768.webp 768w\" sizes=\"auto, (max-width: 1080px) 100vw, 1080px\" \/><\/figure>\n\n\n\n<div style=\"height:24px\" aria-hidden=\"true\" class=\"wp-block-spacer\"><\/div>\n\n\n\n<h3 class=\"wp-block-heading has-text-align-left has-neve-text-color-color has-text-color\">Wille Miejskie | Wroc\u0142aw ul. Krzycka 73-75<\/h3>\n\n\n\n<p class=\"has-text-align-left has-neve-text-color-color has-text-color\">Wykonanie stanu surowego otwartego Zespo\u0142u 4 Willi Miejskich po\u0142o\u017conych we Wroc\u0142awiu przy ul. Krzyckiej, <br>dzia\u0142ki nr: 7\/5, AM-10 oraz dz. nr 43\/4, <br>cz\u0119\u015b\u0107 dzia\u0142ki dr. nr 43\/5 AM-8 obr\u0119b Krzyki<br><strong>Inwestor<\/strong>: EURO-DOM Polanica Zdr\u00f3j Sp. z o.o.<br>50-201 Wroc\u0142aw , ul. W\u0142. Jagie\u0142\u0142y 3\/18<br><br><\/p>\n<\/div>\n\n\n\n<div class=\"wp-block-column is-vertically-aligned-top is-layout-flow wp-block-column-is-layout-flow\" style=\"padding-right:var(--wp--preset--spacing--30);padding-left:var(--wp--preset--spacing--30);flex-basis:50%\">\n<figure class=\"wp-block-image size-full has-custom-border\"><img loading=\"lazy\" decoding=\"async\" width=\"1080\" height=\"1080\" src=\"https:\/\/tomaszkowaliszyn.pl\/wp-content\/uploads\/2024\/11\/kosciol-brucknera12.webp\" alt=\"\" class=\"wp-image-228\" style=\"border-radius:24px\" srcset=\"https:\/\/tomaszkowaliszyn.pl\/wp-content\/uploads\/2024\/11\/kosciol-brucknera12.webp 1080w, https:\/\/tomaszkowaliszyn.pl\/wp-content\/uploads\/2024\/11\/kosciol-brucknera12-300x300.webp 300w, https:\/\/tomaszkowaliszyn.pl\/wp-content\/uploads\/2024\/11\/kosciol-brucknera12-1024x1024.webp 1024w, https:\/\/tomaszkowaliszyn.pl\/wp-content\/uploads\/2024\/11\/kosciol-brucknera12-150x150.webp 150w, https:\/\/tomaszkowaliszyn.pl\/wp-content\/uploads\/2024\/11\/kosciol-brucknera12-768x768.webp 768w\" sizes=\"auto, (max-width: 1080px) 100vw, 1080px\" \/><\/figure>\n\n\n\n<div style=\"height:24px\" aria-hidden=\"true\" class=\"wp-block-spacer\"><\/div>\n\n\n\n<h3 class=\"wp-block-heading has-text-align-left has-neve-text-color-color has-text-color\">Ko\u015bci\u00f3\u0142 parafialny | Wroc\u0142aw ul. Br\u00fccknera 20\/22<\/h3>\n\n\n\n<p class=\"has-text-align-left has-neve-text-color-color has-text-color\">Wykonanie stanu surowego zamkni\u0119tego w ramach inwestycji &#8222;Rozbudowa, przebudowa i remont ko\u015bcio\u0142a parafialnego NMP MATKI MI\u0141OSIERDZIA wraz z zagospodarowaniem terenu i niezb\u0119dn\u0105 infrastruktur\u0105 techniczn\u0105.&#8221;<br><strong>Inwestor<\/strong>: Duszpasterstwo Rzymsko-Katolickie Parafii p.w. Matki Bo\u017cej Mi\u0142osierdzia<br>51-411 Wroc\u0142aw, Al. Aleksandra Br\u00fccknera 20-22<\/p>\n<\/div>\n<\/div>\n<\/div><\/div>\n<\/div><\/div>\n\n\n\n<div class=\"wp-block-cover alignfull\" style=\"min-height:806px;aspect-ratio:unset;\"><span aria-hidden=\"true\" class=\"wp-block-cover__background has-nv-site-bg-background-color has-background-dim-100 has-background-dim\"><\/span><div class=\"wp-block-cover__inner-container is-layout-flow wp-block-cover-is-layout-flow\">\n<div class=\"wp-block-group\"><div class=\"wp-block-group__inner-container is-layout-flow wp-block-group-is-layout-flow\">\n<div class=\"wp-block-columns is-layout-flex wp-container-core-columns-is-layout-9d6595d7 wp-block-columns-is-layout-flex\">\n<div class=\"wp-block-column is-vertically-aligned-top is-layout-flow wp-block-column-is-layout-flow\" style=\"padding-right:var(--wp--preset--spacing--30);padding-left:var(--wp--preset--spacing--30);flex-basis:50%\">\n<figure class=\"wp-block-image size-full has-custom-border\"><img loading=\"lazy\" decoding=\"async\" width=\"1080\" height=\"1080\" src=\"https:\/\/tomaszkowaliszyn.pl\/wp-content\/uploads\/2024\/11\/willa-zlotnicka.webp\" alt=\"\" class=\"wp-image-242\" style=\"border-radius:24px\" srcset=\"https:\/\/tomaszkowaliszyn.pl\/wp-content\/uploads\/2024\/11\/willa-zlotnicka.webp 1080w, https:\/\/tomaszkowaliszyn.pl\/wp-content\/uploads\/2024\/11\/willa-zlotnicka-300x300.webp 300w, https:\/\/tomaszkowaliszyn.pl\/wp-content\/uploads\/2024\/11\/willa-zlotnicka-1024x1024.webp 1024w, https:\/\/tomaszkowaliszyn.pl\/wp-content\/uploads\/2024\/11\/willa-zlotnicka-150x150.webp 150w, https:\/\/tomaszkowaliszyn.pl\/wp-content\/uploads\/2024\/11\/willa-zlotnicka-768x768.webp 768w\" sizes=\"auto, (max-width: 1080px) 100vw, 1080px\" \/><\/figure>\n\n\n\n<div style=\"height:24px\" aria-hidden=\"true\" class=\"wp-block-spacer\"><\/div>\n\n\n\n<h3 class=\"wp-block-heading has-text-align-left has-neve-text-color-color has-text-color\">Willa Z\u0142otnicka | Wroc\u0142aw ul. Opoczy\u0144ska<\/h3>\n\n\n\n<p class=\"has-text-align-left has-neve-text-color-color has-text-color\">Pe\u0142nienie funkcji Kierownika Budowy na inwestycji<br>&#8222;Budowy zespo\u0142u trzech budynk\u00f3w mieszkalnych wielorodzinnych z gara\u017cem podziemnym wraz z budow\u0105 dw\u00f3ch zjazd\u00f3w z ul. Opoczy\u0144skiej na terenie dzia\u0142ek nr 39\/4 i 40\/4 przy ul. Opoczy\u0144skiej we Wroc\u0142awiu<br>Inwestor: Probitas Invest Sp.z o.o. Sp. k.<br>59-700 Boles\u0142awiec, ul. Wr\u00f3blewskiego 13<br><\/p>\n<\/div>\n\n\n\n<div class=\"wp-block-column is-vertically-aligned-top is-layout-flow wp-block-column-is-layout-flow\" style=\"padding-right:var(--wp--preset--spacing--30);padding-left:var(--wp--preset--spacing--30);flex-basis:50%\">\n<figure class=\"wp-block-image size-full has-custom-border\"><img loading=\"lazy\" decoding=\"async\" width=\"1080\" height=\"1080\" src=\"https:\/\/tomaszkowaliszyn.pl\/wp-content\/uploads\/2024\/11\/franki-house.webp\" alt=\"\" class=\"wp-image-244\" style=\"border-radius:24px\" srcset=\"https:\/\/tomaszkowaliszyn.pl\/wp-content\/uploads\/2024\/11\/franki-house.webp 1080w, https:\/\/tomaszkowaliszyn.pl\/wp-content\/uploads\/2024\/11\/franki-house-300x300.webp 300w, https:\/\/tomaszkowaliszyn.pl\/wp-content\/uploads\/2024\/11\/franki-house-1024x1024.webp 1024w, https:\/\/tomaszkowaliszyn.pl\/wp-content\/uploads\/2024\/11\/franki-house-150x150.webp 150w, https:\/\/tomaszkowaliszyn.pl\/wp-content\/uploads\/2024\/11\/franki-house-768x768.webp 768w\" sizes=\"auto, (max-width: 1080px) 100vw, 1080px\" \/><\/figure>\n\n\n\n<div style=\"height:24px\" aria-hidden=\"true\" class=\"wp-block-spacer\"><\/div>\n\n\n\n<h3 class=\"wp-block-heading has-text-align-left has-neve-text-color-color has-text-color\">Franki House | Wroc\u0142aw ul. Franki<\/h3>\n\n\n\n<p class=\"has-text-align-left has-neve-text-color-color has-text-color\">Budowa dw\u00f3ch zespo\u0142\u00f3w budynk\u00f3w mieszkalnych jednorodzinnych w zabudowie szeregowej ,sk\u0142adaj\u0105cych si\u0119 z 10 budynk\u00f3w jednorodzinnych dwulokalowych w zabudowie szeregowej z zagospodarowaniem terenu i elementami infrastruktury technicznej przy ul. Franki i ul. Szewczenki we Wroc\u0142awiu (dz. nr 131\/1;131\/2;131\/3;131\/4 AR-9 obr\u0119b Zgorzelisko)<br><strong>Inwestor: <\/strong>Inwestor: Probitas Invest Sp.z o.o. Sp. k.<br>59-700 Boles\u0142awiec, ul. Wr\u00f3blewskiego 13<\/p>\n<\/div>\n<\/div>\n<\/div><\/div>\n<\/div><\/div>\n\n\n\n<div class=\"wp-block-cover alignfull\" style=\"min-height:806px;aspect-ratio:unset;\"><span aria-hidden=\"true\" class=\"wp-block-cover__background has-nv-site-bg-background-color has-background-dim-100 has-background-dim\"><\/span><div class=\"wp-block-cover__inner-container is-layout-flow wp-block-cover-is-layout-flow\">\n<div class=\"wp-block-group\"><div class=\"wp-block-group__inner-container is-layout-flow wp-block-group-is-layout-flow\">\n<div class=\"wp-block-columns is-layout-flex wp-container-core-columns-is-layout-9d6595d7 wp-block-columns-is-layout-flex\">\n<div class=\"wp-block-column is-vertically-aligned-top is-layout-flow wp-block-column-is-layout-flow\" style=\"padding-right:var(--wp--preset--spacing--30);padding-left:var(--wp--preset--spacing--30);flex-basis:50%\">\n<figure class=\"wp-block-image size-full has-custom-border\"><img loading=\"lazy\" decoding=\"async\" width=\"1080\" height=\"1080\" src=\"https:\/\/tomaszkowaliszyn.pl\/wp-content\/uploads\/2024\/11\/psary-pakart_1.webp\" alt=\"\" class=\"wp-image-249\" style=\"border-radius:24px\" srcset=\"https:\/\/tomaszkowaliszyn.pl\/wp-content\/uploads\/2024\/11\/psary-pakart_1.webp 1080w, https:\/\/tomaszkowaliszyn.pl\/wp-content\/uploads\/2024\/11\/psary-pakart_1-300x300.webp 300w, https:\/\/tomaszkowaliszyn.pl\/wp-content\/uploads\/2024\/11\/psary-pakart_1-1024x1024.webp 1024w, https:\/\/tomaszkowaliszyn.pl\/wp-content\/uploads\/2024\/11\/psary-pakart_1-150x150.webp 150w, https:\/\/tomaszkowaliszyn.pl\/wp-content\/uploads\/2024\/11\/psary-pakart_1-768x768.webp 768w\" sizes=\"auto, (max-width: 1080px) 100vw, 1080px\" \/><\/figure>\n\n\n\n<div style=\"height:24px\" aria-hidden=\"true\" class=\"wp-block-spacer\"><\/div>\n\n\n\n<h3 class=\"wp-block-heading has-text-align-left has-neve-text-color-color has-text-color\">Pakart Sp. z o.o. | Psary ul. G\u0142\u00f3wna 27<\/h3>\n\n\n\n<p class=\"has-text-align-left has-neve-text-color-color has-text-color\">Kompleksowa Budowa Budynku Biurowego w miejscowo\u015bci Psary przy ul. G\u0142\u00f3wnej 27, 51-180 Wroc\u0142aw<br><strong>Inwestor:<\/strong> \u201ePAKART Sp. z o.o. <br>51-180 Wroc\u0142aw, Psary ul. G\u0142\u00f3wna 27<br><br><br><\/p>\n<\/div>\n\n\n\n<div class=\"wp-block-column is-vertically-aligned-top is-layout-flow wp-block-column-is-layout-flow\" style=\"padding-right:var(--wp--preset--spacing--30);padding-left:var(--wp--preset--spacing--30);flex-basis:50%\">\n<figure class=\"wp-block-image size-full has-custom-border\"><img loading=\"lazy\" decoding=\"async\" width=\"1080\" height=\"1080\" src=\"https:\/\/tomaszkowaliszyn.pl\/wp-content\/uploads\/2024\/11\/ogrody-kielczow2.webp\" alt=\"\" class=\"wp-image-265\" style=\"border-radius:24px\" srcset=\"https:\/\/tomaszkowaliszyn.pl\/wp-content\/uploads\/2024\/11\/ogrody-kielczow2.webp 1080w, https:\/\/tomaszkowaliszyn.pl\/wp-content\/uploads\/2024\/11\/ogrody-kielczow2-300x300.webp 300w, https:\/\/tomaszkowaliszyn.pl\/wp-content\/uploads\/2024\/11\/ogrody-kielczow2-1024x1024.webp 1024w, https:\/\/tomaszkowaliszyn.pl\/wp-content\/uploads\/2024\/11\/ogrody-kielczow2-150x150.webp 150w, https:\/\/tomaszkowaliszyn.pl\/wp-content\/uploads\/2024\/11\/ogrody-kielczow2-768x768.webp 768w\" sizes=\"auto, (max-width: 1080px) 100vw, 1080px\" \/><\/figure>\n\n\n\n<div style=\"height:24px\" aria-hidden=\"true\" class=\"wp-block-spacer\"><\/div>\n\n\n\n<h3 class=\"wp-block-heading has-text-align-left has-neve-text-color-color has-text-color\">Ogrody Kie\u0142cz\u00f3w | Kie\u0142cz\u00f3w ul. Polna<\/h3>\n\n\n\n<p class=\"has-text-align-left has-neve-text-color-color has-text-color\">Budowa zespo\u0142u siedmiu budynk\u00f3w mieszkalnych jednorodzinnych dwulokalowych w zabudowie wolnostoj\u0105cej wraz z elementami infrastruktury technicznej po\u0142o\u017conych w miejscowo\u015bci Kie\u0142cz\u00f3w przy ul. Polnej dzia\u0142ka nr. 179, obr\u0119b ewidencyjny 0020 Kie\u0142cz\u00f3w, AM\u20141, jednostka ewidencyjna Gmina D\u0142ugo\u0142\u0119ka<br><strong>Inwestor: <\/strong>Probitas Invest Sp.z o.o. Sp. k.<br>59-700 Boles\u0142awiec, ul. Wr\u00f3blewskiego 13<\/p>\n<\/div>\n<\/div>\n<\/div><\/div>\n<\/div><\/div>\n\n\n\n<div class=\"wp-block-cover alignfull\" style=\"min-height:360px;aspect-ratio:unset;\"><span aria-hidden=\"true\" class=\"wp-block-cover__background has-neve-link-color-background-color has-background-dim-100 has-background-dim\"><\/span><div class=\"wp-block-cover__inner-container is-layout-flow wp-block-cover-is-layout-flow\">\n<div style=\"height:100px\" aria-hidden=\"true\" class=\"wp-block-spacer\"><\/div>\n\n\n\n<div class=\"wp-block-columns is-layout-flex wp-container-core-columns-is-layout-9d6595d7 wp-block-columns-is-layout-flex\">\n<div class=\"wp-block-column is-layout-flow wp-block-column-is-layout-flow\" style=\"flex-basis:20%\"><\/div>\n\n\n\n<div class=\"wp-block-column is-layout-flow wp-block-column-is-layout-flow\" style=\"flex-basis:60%\">\n<div class=\"wp-block-group\"><div class=\"wp-block-group__inner-container is-layout-constrained wp-block-group-is-layout-constrained\">\n<h3 class=\"wp-block-heading has-text-align-center has-nv-text-dark-bg-color has-text-color\">Twoja inwestycja w dobrych r\u0119kach. <br>Indywidualne podej\u015bcie, najwy\u017csza jako\u015b\u0107, terminowo\u015b\u0107.<\/h3>\n\n\n\n<div class=\"wp-block-buttons is-horizontal is-content-justification-center is-layout-flex wp-container-core-buttons-is-layout-499968f5 wp-block-buttons-is-layout-flex\">\n<div class=\"wp-block-button is-style-primary\"><a class=\"wp-block-button__link has-neve-link-color-color has-text-color has-background has-link-color wp-element-button\" href=\"https:\/\/tomaszkowaliszyn.pl\/?page_id=46\" style=\"background-color:#ffffff\">Kontakt<\/a><\/div>\n<\/div>\n<\/div><\/div>\n<\/div>\n\n\n\n<div class=\"wp-block-column is-layout-flow wp-block-column-is-layout-flow\" style=\"flex-basis:20%\"><\/div>\n<\/div>\n\n\n\n<div style=\"height:100px\" aria-hidden=\"true\" class=\"wp-block-spacer\"><\/div>\n<\/div><\/div>\n","protected":false},"excerpt":{"rendered":"","protected":false},"author":1,"featured_media":0,"parent":0,"menu_order":0,"comment_status":"closed","ping_status":"closed","template":"","meta":{"neve_meta_sidebar":"","neve_meta_container":"","neve_meta_enable_content_width":"on","neve_meta_content_width":100,"neve_meta_title_alignment":"","neve_meta_author_avatar":"","neve_post_elements_order":"","neve_meta_disable_header":"","neve_meta_disable_footer":"","neve_meta_disable_title":"on","footnotes":""},"class_list":["post-47","page","type-page","status-publish","hentry"],"_links":{"self":[{"href":"https:\/\/tomaszkowaliszyn.pl\/index.php?rest_route=\/wp\/v2\/pages\/47","targetHints":{"allow":["GET"]}}],"collection":[{"href":"https:\/\/tomaszkowaliszyn.pl\/index.php?rest_route=\/wp\/v2\/pages"}],"about":[{"href":"https:\/\/tomaszkowaliszyn.pl\/index.php?rest_route=\/wp\/v2\/types\/page"}],"author":[{"embeddable":true,"href":"https:\/\/tomaszkowaliszyn.pl\/index.php?rest_route=\/wp\/v2\/users\/1"}],"replies":[{"embeddable":true,"href":"https:\/\/tomaszkowaliszyn.pl\/index.php?rest_route=%2Fwp%2Fv2%2Fcomments&post=47"}],"version-history":[{"count":31,"href":"https:\/\/tomaszkowaliszyn.pl\/index.php?rest_route=\/wp\/v2\/pages\/47\/revisions"}],"predecessor-version":[{"id":275,"href":"https:\/\/tomaszkowaliszyn.pl\/index.php?rest_route=\/wp\/v2\/pages\/47\/revisions\/275"}],"wp:attachment":[{"href":"https:\/\/tomaszkowaliszyn.pl\/index.php?rest_route=%2Fwp%2Fv2%2Fmedia&parent=47"}],"curies":[{"name":"wp","href":"https:\/\/api.w.org\/{rel}","templated":true}]}}