{"id":45,"date":"2024-09-09T10:19:45","date_gmt":"2024-09-09T08:19:45","guid":{"rendered":"https:\/\/tomaszkowaliszyn.kasiakaniuka.pl\/?page_id=45"},"modified":"2024-11-07T14:59:45","modified_gmt":"2024-11-07T13:59:45","slug":"oferta","status":"publish","type":"page","link":"https:\/\/tomaszkowaliszyn.pl\/?page_id=45","title":{"rendered":"Oferta"},"content":{"rendered":"\n<div class=\"wp-block-cover alignfull\" style=\"min-height:180px;aspect-ratio:unset;\"><span aria-hidden=\"true\" class=\"wp-block-cover__background has-nv-site-bg-background-color has-background-dim-100 has-background-dim\"><\/span><div class=\"wp-block-cover__inner-container is-layout-flow wp-block-cover-is-layout-flow\">\n<div class=\"wp-block-group\" style=\"padding-right:var(--wp--preset--spacing--30);padding-left:var(--wp--preset--spacing--30)\"><div class=\"wp-block-group__inner-container is-layout-flow wp-block-group-is-layout-flow\">\n<h1 class=\"wp-block-heading has-text-align-left has-neve-text-color-color has-text-color\">Oferta<\/h1>\n<\/div><\/div>\n<\/div><\/div>\n\n\n\n<div class=\"wp-block-columns is-layout-flex wp-container-core-columns-is-layout-9d6595d7 wp-block-columns-is-layout-flex\">\n<div class=\"wp-block-column neve-duotone is-layout-flow wp-block-column-is-layout-flow\" style=\"padding-right:var(--wp--preset--spacing--30);padding-left:var(--wp--preset--spacing--30)\"><div class=\"wp-block-image icon-style is-style-default\">\n<figure class=\"aligncenter size-full is-resized has-custom-border\"><img decoding=\"async\" src=\"https:\/\/tomaszkowaliszyn.kasiakaniuka.pl\/wp-content\/uploads\/2024\/09\/1_1-e1725872852619.webp\" alt=\"\" class=\"wp-image-85\" style=\"border-radius:0px;width:150px\" title=\"\"\/><\/figure>\n<\/div>\n\n\n<div style=\"height:16px\" aria-hidden=\"true\" class=\"wp-block-spacer\"><\/div>\n\n\n\n<h3 class=\"wp-block-heading has-text-align-center has-neve-text-color-color has-text-color\">Us\u0142ugi og\u00f3lnobudowlane<\/h3>\n\n\n\n<div style=\"height:20px\" aria-hidden=\"true\" class=\"wp-block-spacer\"><\/div>\n<\/div>\n\n\n\n<div class=\"wp-block-column is-layout-flow wp-block-column-is-layout-flow\" style=\"padding-right:var(--wp--preset--spacing--30);padding-left:var(--wp--preset--spacing--30)\"><div class=\"wp-block-image icon-style is-style-default wp-duotone-unset-1\">\n<figure class=\"aligncenter size-full is-resized has-custom-border\"><img loading=\"lazy\" decoding=\"async\" width=\"1500\" height=\"1500\" src=\"https:\/\/tomaszkowaliszyn.kasiakaniuka.pl\/wp-content\/uploads\/2024\/09\/3_1.webp\" alt=\"\" class=\"wp-image-87\" style=\"border-radius:0px;width:150px\" title=\"\"\/><\/figure>\n<\/div>\n\n\n<div style=\"height:16px\" aria-hidden=\"true\" class=\"wp-block-spacer\"><\/div>\n\n\n\n<h3 class=\"wp-block-heading has-text-align-center has-neve-text-color-color has-text-color\">Nadzory budowlane<\/h3>\n\n\n\n<div style=\"height:20px\" aria-hidden=\"true\" class=\"wp-block-spacer\"><\/div>\n<\/div>\n\n\n\n<div class=\"wp-block-column is-layout-flow wp-block-column-is-layout-flow\" style=\"padding-right:var(--wp--preset--spacing--30);padding-left:var(--wp--preset--spacing--30)\"><div class=\"wp-block-image icon-style is-style-default\">\n<figure class=\"aligncenter size-full is-resized has-custom-border\"><img decoding=\"async\" src=\"https:\/\/tomaszkowaliszyn.kasiakaniuka.pl\/wp-content\/uploads\/2024\/09\/2_1-e1725872878420.webp\" alt=\"\" class=\"wp-image-86\" style=\"border-radius:0px;width:150px\" title=\"\"\/><\/figure>\n<\/div>\n\n\n<div style=\"height:16px\" aria-hidden=\"true\" class=\"wp-block-spacer\"><\/div>\n\n\n\n<h3 class=\"wp-block-heading has-text-align-center has-neve-text-color-color has-text-color\">Doradztwo techniczne<\/h3>\n\n\n\n<div style=\"height:20px\" aria-hidden=\"true\" class=\"wp-block-spacer\"><\/div>\n<\/div>\n<\/div>\n\n\n\n<div class=\"wp-block-cover alignfull\" style=\"min-height:600px;aspect-ratio:unset;\"><span aria-hidden=\"true\" class=\"wp-block-cover__background has-nv-light-bg-background-color has-background-dim-100 has-background-dim\"><\/span><div class=\"wp-block-cover__inner-container is-layout-flow wp-block-cover-is-layout-flow\">\n<div class=\"wp-block-group\"><div class=\"wp-block-group__inner-container is-layout-flow wp-block-group-is-layout-flow\">\n<div style=\"height:80px\" aria-hidden=\"true\" class=\"wp-block-spacer\"><\/div>\n\n\n\n<div class=\"wp-block-columns has-neve-text-color-color has-text-color is-layout-flex wp-container-core-columns-is-layout-9d6595d7 wp-block-columns-is-layout-flex\">\n<div class=\"wp-block-column is-vertically-aligned-center is-layout-flow wp-block-column-is-layout-flow\" style=\"padding-right:var(--wp--preset--spacing--30);padding-left:var(--wp--preset--spacing--30);flex-basis:50%\">\n<figure class=\"wp-block-image size-full has-custom-border\"><img loading=\"lazy\" decoding=\"async\" width=\"1024\" height=\"1024\" src=\"https:\/\/tomaszkowaliszyn.pl\/wp-content\/uploads\/2024\/11\/iStock-153492449.webp\" alt=\"\" class=\"wp-image-217\" style=\"border-radius:16px\" srcset=\"https:\/\/tomaszkowaliszyn.pl\/wp-content\/uploads\/2024\/11\/iStock-153492449.webp 1024w, https:\/\/tomaszkowaliszyn.pl\/wp-content\/uploads\/2024\/11\/iStock-153492449-300x300.webp 300w, https:\/\/tomaszkowaliszyn.pl\/wp-content\/uploads\/2024\/11\/iStock-153492449-150x150.webp 150w, https:\/\/tomaszkowaliszyn.pl\/wp-content\/uploads\/2024\/11\/iStock-153492449-768x768.webp 768w\" sizes=\"auto, (max-width: 1024px) 100vw, 1024px\" \/><\/figure>\n<\/div>\n\n\n\n<div class=\"wp-block-column is-vertically-aligned-top is-layout-flow wp-block-column-is-layout-flow\" style=\"padding-top:0;padding-right:var(--wp--preset--spacing--30);padding-bottom:0;padding-left:var(--wp--preset--spacing--30);flex-basis:50%\">\n<h2 class=\"wp-block-heading has-neve-text-color-color has-text-color\">Us\u0142ugi og\u00f3lnobudowlane<\/h2>\n\n\n\n<p class=\"has-neve-text-color-color has-text-color\">Jeste\u015bmy do\u015bwiadczon\u0105 firm\u0105 budowlan\u0105, kt\u00f3ra \u015bwiadczy kompleksowe us\u0142ugi og\u00f3lnobudowlane, realizuj\u0105c projekty zar\u00f3wno w budownictwie mieszkaniowym, jak i komercyjnym. <br>Budujemy solidne stany surowe, kt\u00f3re stanowi\u0105 niezawodn\u0105 podstaw\u0119 ka\u017cdej konstrukcji. Specjalizujemy si\u0119 w rozbudowach i przebudowach istniej\u0105cych obiekt\u00f3w, dostosowuj\u0105c je do nowych potrzeb i standard\u00f3w.  Nasz zesp\u00f3\u0142 dba o ka\u017cdy etap realizacji, oferuj\u0105c r\u00f3wnie\u017c wsparcie przy modernizacjach i renowacjach. <br>Dzi\u0119ki po\u0142\u0105czeniu wiedzy, do\u015bwiadczenia oraz dba\u0142o\u015bci o detale, gwarantujemy najwy\u017csz\u0105 jako\u015b\u0107, trwa\u0142o\u015b\u0107 i terminowo\u015b\u0107 wykonywanych prac.<\/p>\n<\/div>\n<\/div>\n\n\n\n<div style=\"height:40px\" aria-hidden=\"true\" class=\"wp-block-spacer\"><\/div>\n<\/div><\/div>\n<\/div><\/div>\n\n\n\n<div class=\"wp-block-cover alignfull\" style=\"min-height:600px;aspect-ratio:unset;\"><span aria-hidden=\"true\" class=\"wp-block-cover__background has-nv-dark-bg-background-color has-background-dim-100 has-background-dim\"><\/span><div class=\"wp-block-cover__inner-container is-layout-flow wp-block-cover-is-layout-flow\">\n<div class=\"wp-block-group\"><div class=\"wp-block-group__inner-container is-layout-flow wp-block-group-is-layout-flow\">\n<div style=\"height:80px\" aria-hidden=\"true\" class=\"wp-block-spacer\"><\/div>\n\n\n\n<div class=\"wp-block-columns is-layout-flex wp-container-core-columns-is-layout-9d6595d7 wp-block-columns-is-layout-flex\">\n<div class=\"wp-block-column is-vertically-aligned-top is-layout-flow wp-block-column-is-layout-flow\" style=\"padding-right:var(--wp--preset--spacing--30);padding-left:var(--wp--preset--spacing--30);flex-basis:50%\">\n<h2 class=\"wp-block-heading has-nv-text-dark-bg-color has-text-color\">Nadzory budowlane<\/h2>\n\n\n\n<p class=\"has-nv-text-dark-bg-color has-text-color\">Specjalizujemy si\u0119 w kompleksowym nadzorowaniu inwestycji budowlanych, zapewniaj\u0105c profesjonalne wsparcie na ka\u017cdym etapie realizacji projektu. <br>Naszym priorytetem jest dba\u0142o\u015b\u0107 o zgodno\u015b\u0107 prac z dokumentacj\u0105 techniczn\u0105, przepisami prawa oraz najwy\u017cszymi standardami jako\u015bci. Dzi\u0119ki wieloletniemu do\u015bwiadczeniu i zaanga\u017cowaniu, skutecznie koordynujemy dzia\u0142ania wykonawc\u00f3w, kontrolujemy harmonogramy oraz optymalizujemy proces budowy. <br>Wsp\u00f3\u0142pracuj\u0105c z nami, zyskujesz pewno\u015b\u0107, \u017ce Twoja inwestycja b\u0119dzie zrealizowana terminowo, zgodnie z za\u0142o\u017ceniami i w pe\u0142ni bezpiecznie.<\/p>\n\n\n\n<div style=\"height:20px\" aria-hidden=\"true\" class=\"wp-block-spacer\"><\/div>\n\n\n\n<div style=\"height:20px\" aria-hidden=\"true\" class=\"wp-block-spacer\"><\/div>\n<\/div>\n\n\n\n<div class=\"wp-block-column is-vertically-aligned-center is-layout-flow wp-block-column-is-layout-flow\" style=\"padding-right:var(--wp--preset--spacing--30);padding-left:var(--wp--preset--spacing--30);flex-basis:50%\">\n<figure class=\"wp-block-image size-full has-custom-border\"><img loading=\"lazy\" decoding=\"async\" width=\"1024\" height=\"1024\" src=\"https:\/\/tomaszkowaliszyn.pl\/wp-content\/uploads\/2024\/11\/iStock-1463616100.webp\" alt=\"\" class=\"wp-image-213\" style=\"border-radius:16px\" srcset=\"https:\/\/tomaszkowaliszyn.pl\/wp-content\/uploads\/2024\/11\/iStock-1463616100.webp 1024w, https:\/\/tomaszkowaliszyn.pl\/wp-content\/uploads\/2024\/11\/iStock-1463616100-300x300.webp 300w, https:\/\/tomaszkowaliszyn.pl\/wp-content\/uploads\/2024\/11\/iStock-1463616100-150x150.webp 150w, https:\/\/tomaszkowaliszyn.pl\/wp-content\/uploads\/2024\/11\/iStock-1463616100-768x768.webp 768w\" sizes=\"auto, (max-width: 1024px) 100vw, 1024px\" \/><\/figure>\n<\/div>\n<\/div>\n<\/div><\/div>\n\n\n\n<div style=\"height:40px\" aria-hidden=\"true\" class=\"wp-block-spacer\"><\/div>\n<\/div><\/div>\n\n\n\n<div class=\"wp-block-cover alignfull\" style=\"min-height:600px;aspect-ratio:unset;\"><span aria-hidden=\"true\" class=\"wp-block-cover__background has-nv-light-bg-background-color has-background-dim-100 has-background-dim\"><\/span><div class=\"wp-block-cover__inner-container is-layout-flow wp-block-cover-is-layout-flow\">\n<div class=\"wp-block-group\"><div class=\"wp-block-group__inner-container is-layout-flow wp-block-group-is-layout-flow\">\n<div style=\"height:80px\" aria-hidden=\"true\" class=\"wp-block-spacer\"><\/div>\n\n\n\n<div class=\"wp-block-columns has-neve-text-color-color has-text-color is-layout-flex wp-container-core-columns-is-layout-9d6595d7 wp-block-columns-is-layout-flex\">\n<div class=\"wp-block-column is-vertically-aligned-center is-layout-flow wp-block-column-is-layout-flow\" style=\"padding-right:var(--wp--preset--spacing--30);padding-left:var(--wp--preset--spacing--30);flex-basis:50%\">\n<figure class=\"wp-block-image size-full has-custom-border\"><img loading=\"lazy\" decoding=\"async\" width=\"1024\" height=\"1024\" src=\"https:\/\/tomaszkowaliszyn.pl\/wp-content\/uploads\/2024\/11\/iStock-1054761222-1.webp\" alt=\"\" class=\"wp-image-215\" style=\"border-radius:16px\" srcset=\"https:\/\/tomaszkowaliszyn.pl\/wp-content\/uploads\/2024\/11\/iStock-1054761222-1.webp 1024w, https:\/\/tomaszkowaliszyn.pl\/wp-content\/uploads\/2024\/11\/iStock-1054761222-1-300x300.webp 300w, https:\/\/tomaszkowaliszyn.pl\/wp-content\/uploads\/2024\/11\/iStock-1054761222-1-150x150.webp 150w, https:\/\/tomaszkowaliszyn.pl\/wp-content\/uploads\/2024\/11\/iStock-1054761222-1-768x768.webp 768w\" sizes=\"auto, (max-width: 1024px) 100vw, 1024px\" \/><\/figure>\n<\/div>\n\n\n\n<div class=\"wp-block-column is-vertically-aligned-top is-layout-flow wp-block-column-is-layout-flow\" style=\"padding-top:0;padding-right:var(--wp--preset--spacing--30);padding-bottom:0;padding-left:var(--wp--preset--spacing--30);flex-basis:50%\">\n<h2 class=\"wp-block-heading has-neve-text-color-color has-text-color\">Doradztwo techniczne<\/h2>\n\n\n\n<p class=\"has-neve-text-color-color has-text-color\">Oferujemy profesjonalne doradztwo techniczne, wspieraj\u0105c inwestor\u00f3w, deweloper\u00f3w i wykonawc\u00f3w na ka\u017cdym etapie realizacji projektu budowlanego. <br>Nasza firma dostarcza rzetelne analizy techniczne, pomaga w wyborze optymalnych rozwi\u0105za\u0144 konstrukcyjnych i materia\u0142owych oraz dba o zgodno\u015b\u0107 projekt\u00f3w z obowi\u0105zuj\u0105cymi normami i przepisami. <br>Dzi\u0119ki szerokiej wiedzy i wieloletniemu do\u015bwiadczeniu wspieramy naszych klient\u00f3w w podejmowaniu kluczowych decyzji, minimalizuj\u0105c ryzyko i maksymalizuj\u0105c efektywno\u015b\u0107 inwestycji. <br>Z nami ka\u017cda budowa staje si\u0119 prostsza, bezpieczniejsza i bardziej przewidywalna.<\/p>\n<\/div>\n<\/div>\n\n\n\n<div style=\"height:40px\" aria-hidden=\"true\" class=\"wp-block-spacer\"><\/div>\n<\/div><\/div>\n<\/div><\/div>\n","protected":false},"excerpt":{"rendered":"<p>Us\u0142ugi og\u00f3lnobudowlane Nadzory budowlane Doradztwo techniczne<\/p>\n","protected":false},"author":1,"featured_media":0,"parent":0,"menu_order":0,"comment_status":"closed","ping_status":"closed","template":"","meta":{"neve_meta_sidebar":"","neve_meta_container":"","neve_meta_enable_content_width":"on","neve_meta_content_width":100,"neve_meta_title_alignment":"","neve_meta_author_avatar":"","neve_post_elements_order":"","neve_meta_disable_header":"","neve_meta_disable_footer":"","neve_meta_disable_title":"on","footnotes":""},"class_list":["post-45","page","type-page","status-publish","hentry"],"_links":{"self":[{"href":"https:\/\/tomaszkowaliszyn.pl\/index.php?rest_route=\/wp\/v2\/pages\/45","targetHints":{"allow":["GET"]}}],"collection":[{"href":"https:\/\/tomaszkowaliszyn.pl\/index.php?rest_route=\/wp\/v2\/pages"}],"about":[{"href":"https:\/\/tomaszkowaliszyn.pl\/index.php?rest_route=\/wp\/v2\/types\/page"}],"author":[{"embeddable":true,"href":"https:\/\/tomaszkowaliszyn.pl\/index.php?rest_route=\/wp\/v2\/users\/1"}],"replies":[{"embeddable":true,"href":"https:\/\/tomaszkowaliszyn.pl\/index.php?rest_route=%2Fwp%2Fv2%2Fcomments&post=45"}],"version-history":[{"count":13,"href":"https:\/\/tomaszkowaliszyn.pl\/index.php?rest_route=\/wp\/v2\/pages\/45\/revisions"}],"predecessor-version":[{"id":220,"href":"https:\/\/tomaszkowaliszyn.pl\/index.php?rest_route=\/wp\/v2\/pages\/45\/revisions\/220"}],"wp:attachment":[{"href":"https:\/\/tomaszkowaliszyn.pl\/index.php?rest_route=%2Fwp%2Fv2%2Fmedia&parent=45"}],"curies":[{"name":"wp","href":"https:\/\/api.w.org\/{rel}","templated":true}]}}